{"id":1020,"date":"2022-01-17T10:42:04","date_gmt":"2022-01-17T08:42:04","guid":{"rendered":"https:\/\/pulmek.fi\/references"},"modified":"2022-04-22T11:44:04","modified_gmt":"2022-04-22T09:44:04","slug":"referenssit","status":"publish","type":"page","link":"https:\/\/pulmek.fi\/fi\/referenssit","title":{"rendered":"Referenssit"},"content":{"rendered":"[vc_row type=&#8221;full_width_content&#8221; full_screen_row_position=&#8221;middle&#8221; column_margin=&#8221;default&#8221; column_direction=&#8221;default&#8221; column_direction_tablet=&#8221;default&#8221; column_direction_phone=&#8221;default&#8221; bg_image=&#8221;316&#8243; bg_position=&#8221;center bottom&#8221; background_image_loading=&#8221;default&#8221; bg_repeat=&#8221;no-repeat&#8221; scene_position=&#8221;center&#8221; bottom_padding=&#8221;27%&#8221; text_color=&#8221;dark&#8221; text_align=&#8221;left&#8221; row_border_radius=&#8221;none&#8221; row_border_radius_applies=&#8221;bg&#8221; overflow=&#8221;visible&#8221; advanced_gradient_angle=&#8221;0&#8243; overlay_strength=&#8221;0.3&#8243; gradient_direction=&#8221;left_to_right&#8221; shape_divider_position=&#8221;bottom&#8221; bg_image_animation=&#8221;zoom-out-slow&#8221; gradient_type=&#8221;default&#8221; shape_type=&#8221;&#8221;][vc_column column_padding=&#8221;no-extra-padding&#8221; column_padding_tablet=&#8221;inherit&#8221; column_padding_phone=&#8221;inherit&#8221; column_padding_position=&#8221;all&#8221; column_element_spacing=&#8221;default&#8221; background_color_opacity=&#8221;1&#8243; background_hover_color_opacity=&#8221;1&#8243; column_shadow=&#8221;none&#8221; column_border_radius=&#8221;none&#8221; column_link_target=&#8221;_self&#8221; column_position=&#8221;default&#8221; advanced_gradient_angle=&#8221;0&#8243; gradient_direction=&#8221;left_to_right&#8221; overlay_strength=&#8221;0.3&#8243; width=&#8221;1\/1&#8243; tablet_width_inherit=&#8221;default&#8221; tablet_text_alignment=&#8221;default&#8221; phone_text_alignment=&#8221;default&#8221; animation_type=&#8221;default&#8221; bg_image_animation=&#8221;none&#8221; border_type=&#8221;advanced&#8221; border_top_desktop=&#8221;3&#8243; column_border_color=&#8221;#000000&#8243; column_border_style=&#8221;solid&#8221; gradient_type=&#8221;default&#8221;][\/vc_column][\/vc_row][vc_row type=&#8221;in_container&#8221; full_screen_row_position=&#8221;middle&#8221; column_margin=&#8221;default&#8221; column_direction=&#8221;default&#8221; column_direction_tablet=&#8221;default&#8221; column_direction_phone=&#8221;default&#8221; scene_position=&#8221;center&#8221; bottom_margin=&#8221;6%&#8221; text_color=&#8221;light&#8221; text_align=&#8221;left&#8221; row_border_radius=&#8221;none&#8221; row_border_radius_applies=&#8221;bg&#8221; overflow=&#8221;visible&#8221; advanced_gradient_angle=&#8221;0&#8243; overlay_strength=&#8221;0.3&#8243; gradient_direction=&#8221;left_to_right&#8221; shape_divider_position=&#8221;bottom&#8221; bg_image_animation=&#8221;none&#8221; gradient_type=&#8221;default&#8221; shape_type=&#8221;&#8221;][vc_column column_padding=&#8221;padding-5-percent&#8221; column_padding_tablet=&#8221;inherit&#8221; column_padding_phone=&#8221;inherit&#8221; column_padding_position=&#8221;all&#8221; top_margin=&#8221;-8%&#8221; column_element_spacing=&#8221;default&#8221; background_color=&#8221;#888888&#8243; background_color_opacity=&#8221;1&#8243; background_hover_color_opacity=&#8221;1&#8243; column_shadow=&#8221;none&#8221; column_border_radius=&#8221;none&#8221; column_link_target=&#8221;_self&#8221; column_position=&#8221;default&#8221; advanced_gradient_angle=&#8221;0&#8243; gradient_direction=&#8221;left_to_right&#8221; overlay_strength=&#8221;0.3&#8243; width=&#8221;1\/1&#8243; tablet_width_inherit=&#8221;default&#8221; tablet_text_alignment=&#8221;default&#8221; phone_text_alignment=&#8221;default&#8221; animation_type=&#8221;default&#8221; bg_image_animation=&#8221;none&#8221; border_type=&#8221;simple&#8221; column_border_width=&#8221;none&#8221; column_border_style=&#8221;solid&#8221; gradient_type=&#8221;default&#8221;][vc_custom_heading text=&#8221;Referenssit&#8221; font_container=&#8221;tag:h1|text_align:left&#8221; use_theme_fonts=&#8221;yes&#8221;][vc_column_text]\n<h5>Luotettavaa yhteisty\u00f6t\u00e4 jo yli 40 vuoden ajan robottiautomaation parissa. Klikkaa logoa ja lue lis\u00e4\u00e4<\/h5>\n[\/vc_column_text][\/vc_column][\/vc_row][vc_row type=&#8221;full_width_background&#8221; full_screen_row_position=&#8221;middle&#8221; column_margin=&#8221;default&#8221; column_direction=&#8221;default&#8221; column_direction_tablet=&#8221;default&#8221; column_direction_phone=&#8221;default&#8221; scene_position=&#8221;center&#8221; top_padding=&#8221;2%&#8221; bottom_padding=&#8221;3%&#8221; text_color=&#8221;dark&#8221; text_align=&#8221;left&#8221; row_border_radius=&#8221;none&#8221; row_border_radius_applies=&#8221;bg&#8221; overflow=&#8221;visible&#8221; advanced_gradient_angle=&#8221;0&#8243; overlay_strength=&#8221;0.3&#8243; gradient_direction=&#8221;left_to_right&#8221; shape_divider_position=&#8221;bottom&#8221; bg_image_animation=&#8221;none&#8221; gradient_type=&#8221;default&#8221; shape_type=&#8221;&#8221;][vc_column column_padding=&#8221;no-extra-padding&#8221; column_padding_tablet=&#8221;inherit&#8221; column_padding_phone=&#8221;inherit&#8221; column_padding_position=&#8221;all&#8221; column_element_spacing=&#8221;default&#8221; background_color_opacity=&#8221;1&#8243; background_hover_color_opacity=&#8221;1&#8243; column_shadow=&#8221;none&#8221; column_border_radius=&#8221;none&#8221; column_link_target=&#8221;_self&#8221; column_position=&#8221;default&#8221; gradient_direction=&#8221;left_to_right&#8221; overlay_strength=&#8221;0.3&#8243; width=&#8221;1\/1&#8243; tablet_width_inherit=&#8221;default&#8221; tablet_text_alignment=&#8221;default&#8221; phone_text_alignment=&#8221;default&#8221; animation_type=&#8221;default&#8221; bg_image_animation=&#8221;none&#8221; border_type=&#8221;simple&#8221; column_border_width=&#8221;none&#8221; column_border_style=&#8221;solid&#8221;][nectar_post_grid post_type=&#8221;portfolio&#8221; portfolio_category=&#8221;all&#8221; order=&#8221;DESC&#8221; orderby=&#8221;date&#8221; pagination=&#8221;none&#8221; columns=&#8221;3&#8243; grid_item_spacing=&#8221;none&#8221; grid_item_height=&#8221;30vh&#8221; image_size=&#8221;full&#8221; image_loading=&#8221;default&#8221; animation=&#8221;none&#8221; heading_tag=&#8221;default&#8221; category_position=&#8221;default&#8221; grid_style=&#8221;content_overlaid&#8221; text_content_layout=&#8221;all_top_left&#8221; color_overlay_opacity=&#8221;0.3&#8243; color_overlay_hover_opacity=&#8221;0.4&#8243; text_color=&#8221;light&#8221; text_color_hover=&#8221;light&#8221; text_opacity=&#8221;1&#8243; text_hover_opacity=&#8221;1&#8243; hover_effect=&#8221;zoom&#8221; border_radius=&#8221;none&#8221;][\/vc_column][\/vc_row][vc_row type=&#8221;full_width_background&#8221; full_screen_row_position=&#8221;middle&#8221; column_margin=&#8221;default&#8221; column_direction=&#8221;default&#8221; column_direction_tablet=&#8221;default&#8221; column_direction_phone=&#8221;default&#8221; bg_color=&#8221;#f7f7f7&#8243; scene_position=&#8221;center&#8221; top_padding=&#8221;5%&#8221; bottom_padding=&#8221;5%&#8221; text_color=&#8221;dark&#8221; text_align=&#8221;left&#8221; row_border_radius=&#8221;none&#8221; row_border_radius_applies=&#8221;bg&#8221; overflow=&#8221;visible&#8221; advanced_gradient_angle=&#8221;0&#8243; overlay_strength=&#8221;0.3&#8243; gradient_direction=&#8221;left_to_right&#8221; shape_divider_position=&#8221;bottom&#8221; bg_image_animation=&#8221;none&#8221; gradient_type=&#8221;default&#8221; shape_type=&#8221;&#8221;][vc_column column_padding=&#8221;no-extra-padding&#8221; column_padding_tablet=&#8221;inherit&#8221; column_padding_phone=&#8221;inherit&#8221; column_padding_position=&#8221;all&#8221; column_element_spacing=&#8221;default&#8221; background_color_opacity=&#8221;1&#8243; background_hover_color_opacity=&#8221;1&#8243; column_shadow=&#8221;none&#8221; column_border_radius=&#8221;none&#8221; column_link_target=&#8221;_self&#8221; column_position=&#8221;default&#8221; gradient_direction=&#8221;left_to_right&#8221; overlay_strength=&#8221;0.3&#8243; width=&#8221;1\/1&#8243; tablet_width_inherit=&#8221;default&#8221; tablet_text_alignment=&#8221;default&#8221; phone_text_alignment=&#8221;default&#8221; animation_type=&#8221;default&#8221; bg_image_animation=&#8221;none&#8221; border_type=&#8221;simple&#8221; column_border_width=&#8221;none&#8221; column_border_style=&#8221;solid&#8221;][testimonial_slider style=&#8221;minimal&#8221; star_rating_color=&#8221;accent-color&#8221; autorotate=&#8221;15000&#8243;][testimonial image=&#8221;1310&#8243; star_rating=&#8221;none&#8221; title=&#8221;Testimonial&#8221; id=&#8221;1650620605745-10&#8243; tab_id=&#8221;1650620605746-9&#8243; name=&#8221;AQ Trafotek&#8221; quote=&#8221;Trafotek on tehnyt Pulmekin kanssa yli 30 vuoden ajan. Pulmekin suunnittelemat ja valmistamat levynleikkauskoneet ovat t\u00e4rke\u00e4 osa tuotantoamme tehtaissamme Suomessa, Virossa ja Brasiliassa.&#8221;][testimonial image=&#8221;1269&#8243; star_rating=&#8221;none&#8221; title=&#8221;Testimonial&#8221; id=&#8221;1650620605786-1&#8243; tab_id=&#8221;1650620605787-9&#8243; name=&#8221;Sandvik Mining and Construction&#8221; quote=&#8221;Pulmekin kehitt\u00e4m\u00e4 ja valmistama FlapFeeder -j\u00e4ysteenpoistoj\u00e4rjetelm\u00e4 on ollut k\u00e4yt\u00f6ss\u00e4mme vuosien ajan. Sen avulla monitahoisten reikien j\u00e4ysteenpoisto onnistuu vaivatta. Hiomanauhan pituutta s\u00e4\u00e4t\u00e4m\u00e4ll\u00e4 FlapFeederi\u00e4 voi soveltaa moneen eri teht\u00e4v\u00e4\u00e4n ja se vaatii v\u00e4h\u00e4n huoltoa automaattisen nauhanvaihdon ansiosta.&#8221;][testimonial image=&#8221;1267&#8243; star_rating=&#8221;none&#8221; title=&#8221;Testimonial&#8221; id=&#8221;1650620605812-1&#8243; tab_id=&#8221;1650620605813-1&#8243; name=&#8221;MTC Flextek&#8221; quote=&#8221;Olemme tehneet Pulmekin kanssa yhteisty\u00f6t\u00e4 l\u00e4hes 40 vuoden ajan. Arvostamme Pulmekin innovatiivista suunnitteluotetta ja kekseli\u00e4it\u00e4 ratkaisuja. Olemme yhdess\u00e4 suunnitelleet ja valmistaneet kaikkea raskaan teollisuuden lineaariradoista tarttujiin ja robottisoluihin.&#8221;][testimonial image=&#8221;1390&#8243; star_rating=&#8221;none&#8221; title=&#8221;Testimonial&#8221; id=&#8221;1650620605839-4&#8243; tab_id=&#8221;1650620605839-10&#8243; name=&#8221;Piiloset Oy&#8221; quote=&#8221;Lue lis\u00e4\u00e4 Pulmekin ja Piilosetin yhteisty\u00f6st\u00e4 t\u00e4\u00e4lt\u00e4:<br \/>\nHTTPS:\/\/FINNSUSP.FI\/IDEASTA-TUOTTEEKSI-PIILOSET-BIODROP-MD-SPRAY\/\u201d&#8221;][testimonial image=&#8221;1263&#8243; star_rating=&#8221;none&#8221; title=&#8221;Testimonial&#8221; id=&#8221;1650620605865-10&#8243; tab_id=&#8221;1650620605866-9&#8243; name=&#8221;AGCO Power&#8221; quote=&#8221;Olemme k\u00e4ytt\u00e4neet Pulmekin FlapFeederi\u00e4 j\u00e4ysteenpoistoon jo viidentoista vuoden ajan ja koneet yh\u00e4 toimivat hyvin. Vaikeiden muotojen j\u00e4ysteenpoisto onnistuu FlapFeederill\u00e4 hyvin.&#8221;][testimonial image=&#8221;358&#8243; star_rating=&#8221;none&#8221; title=&#8221;Testimonial&#8221; id=&#8221;1650620605892-5&#8243; tab_id=&#8221;1650620605892-2&#8243; name=&#8221;Mapromec&#8221; quote=&#8221;FlapFeeder -j\u00e4ysteenpoistosysteemi robotille on ollut t\u00e4rke\u00e4 osa viimeistelyprosessiamme jo kymmenen vuoden ajan. FlapFeederimme on kustomoitu k\u00e4ytt\u00f6\u00f6mme sopiviksi ja toimivat hyvin osana tuotantoa nopeuttaen j\u00e4ysteenpoistoa ja viimeistely\u00e4.&#8221;][\/testimonial_slider][\/vc_column][\/vc_row]\n","protected":false},"excerpt":{"rendered":"<p>[vc_row type=&#8221;full_width_content&#8221; full_screen_row_position=&#8221;middle&#8221; column_margin=&#8221;default&#8221; column_direction=&#8221;default&#8221; column_direction_tablet=&#8221;default&#8221; column_direction_phone=&#8221;default&#8221; bg_image=&#8221;316&#8243; bg_position=&#8221;center bottom&#8221; background_image_loading=&#8221;default&#8221; bg_repeat=&#8221;no-repeat&#8221; scene_position=&#8221;center&#8221; bottom_padding=&#8221;27%&#8221; text_color=&#8221;dark&#8221; text_align=&#8221;left&#8221; row_border_radius=&#8221;none&#8221; row_border_radius_applies=&#8221;bg&#8221; overflow=&#8221;visible&#8221; advanced_gradient_angle=&#8221;0&#8243; overlay_strength=&#8221;0.3&#8243; gradient_direction=&#8221;left_to_right&#8221; shape_divider_position=&#8221;bottom&#8221; bg_image_animation=&#8221;zoom-out-slow&#8221; gradient_type=&#8221;default&#8221; shape_type=&#8221;&#8221;][vc_column column_padding=&#8221;no-extra-padding&#8221; column_padding_tablet=&#8221;inherit&#8221; column_padding_phone=&#8221;inherit&#8221; column_padding_position=&#8221;all&#8221;&#8230;<\/p>\n","protected":false},"author":2,"featured_media":0,"parent":0,"menu_order":0,"comment_status":"closed","ping_status":"closed","template":"","meta":{"_monsterinsights_skip_tracking":false,"_monsterinsights_sitenote_active":false,"_monsterinsights_sitenote_note":"","_monsterinsights_sitenote_category":0,"footnotes":""},"class_list":["post-1020","page","type-page","status-publish"],"yoast_head":"<!-- This site is optimized with the Yoast SEO plugin v24.7 - https:\/\/yoast.com\/wordpress\/plugins\/seo\/ -->\n<title>Referenssit - Pulmek Oy<\/title>\n<meta name=\"description\" content=\"Pulmek on tehnyt yhteisty\u00f6t\u00e4 niin raskaan teollisuuden kuin esim. l\u00e4\u00e4ke- ja muoviteollisuuden automaatiohankkeiden parissa.\" \/>\n<meta name=\"robots\" content=\"index, follow, max-snippet:-1, max-image-preview:large, max-video-preview:-1\" \/>\n<link rel=\"canonical\" href=\"https:\/\/pulmek.fi\/fi\/referenssit\" \/>\n<meta property=\"og:locale\" content=\"fi_FI\" \/>\n<meta property=\"og:type\" content=\"article\" \/>\n<meta property=\"og:title\" content=\"Referenssit - Pulmek Oy\" \/>\n<meta property=\"og:description\" content=\"Pulmek on tehnyt yhteisty\u00f6t\u00e4 niin raskaan teollisuuden kuin esim. l\u00e4\u00e4ke- ja muoviteollisuuden automaatiohankkeiden parissa.\" \/>\n<meta property=\"og:url\" content=\"https:\/\/pulmek.fi\/fi\/referenssit\" \/>\n<meta property=\"og:site_name\" content=\"Pulmek Oy\" \/>\n<meta property=\"article:modified_time\" content=\"2022-04-22T09:44:04+00:00\" \/>\n<meta name=\"twitter:card\" content=\"summary_large_image\" \/>\n<meta name=\"twitter:label1\" content=\"Arvioitu lukuaika\" \/>\n\t<meta name=\"twitter:data1\" content=\"2 minuuttia\" \/>\n<script type=\"application\/ld+json\" class=\"yoast-schema-graph\">{\"@context\":\"https:\/\/schema.org\",\"@graph\":[{\"@type\":\"WebPage\",\"@id\":\"https:\/\/pulmek.fi\/fi\/referenssit\",\"url\":\"https:\/\/pulmek.fi\/fi\/referenssit\",\"name\":\"Referenssit - Pulmek Oy\",\"isPartOf\":{\"@id\":\"https:\/\/pulmek.fi\/#website\"},\"datePublished\":\"2022-01-17T08:42:04+00:00\",\"dateModified\":\"2022-04-22T09:44:04+00:00\",\"description\":\"Pulmek on tehnyt yhteisty\u00f6t\u00e4 niin raskaan teollisuuden kuin esim. l\u00e4\u00e4ke- ja muoviteollisuuden automaatiohankkeiden parissa.\",\"breadcrumb\":{\"@id\":\"https:\/\/pulmek.fi\/fi\/referenssit#breadcrumb\"},\"inLanguage\":\"fi\",\"potentialAction\":[{\"@type\":\"ReadAction\",\"target\":[\"https:\/\/pulmek.fi\/fi\/referenssit\"]}]},{\"@type\":\"BreadcrumbList\",\"@id\":\"https:\/\/pulmek.fi\/fi\/referenssit#breadcrumb\",\"itemListElement\":[{\"@type\":\"ListItem\",\"position\":1,\"name\":\"Home\",\"item\":\"https:\/\/pulmek.fi\/fi\"},{\"@type\":\"ListItem\",\"position\":2,\"name\":\"Referenssit\"}]},{\"@type\":\"WebSite\",\"@id\":\"https:\/\/pulmek.fi\/#website\",\"url\":\"https:\/\/pulmek.fi\/\",\"name\":\"Pulmek Oy\",\"description\":\"\",\"publisher\":{\"@id\":\"https:\/\/pulmek.fi\/#organization\"},\"potentialAction\":[{\"@type\":\"SearchAction\",\"target\":{\"@type\":\"EntryPoint\",\"urlTemplate\":\"https:\/\/pulmek.fi\/?s={search_term_string}\"},\"query-input\":{\"@type\":\"PropertyValueSpecification\",\"valueRequired\":true,\"valueName\":\"search_term_string\"}}],\"inLanguage\":\"fi\"},{\"@type\":\"Organization\",\"@id\":\"https:\/\/pulmek.fi\/#organization\",\"name\":\"Pulmek Oy\",\"url\":\"https:\/\/pulmek.fi\/\",\"logo\":{\"@type\":\"ImageObject\",\"inLanguage\":\"fi\",\"@id\":\"https:\/\/pulmek.fi\/#\/schema\/logo\/image\/\",\"url\":\"https:\/\/pulmek.fi\/wp-content\/uploads\/2022\/03\/Pulmek-logo-nelio\u0308-black_400px.png\",\"contentUrl\":\"https:\/\/pulmek.fi\/wp-content\/uploads\/2022\/03\/Pulmek-logo-nelio\u0308-black_400px.png\",\"width\":400,\"height\":346,\"caption\":\"Pulmek Oy\"},\"image\":{\"@id\":\"https:\/\/pulmek.fi\/#\/schema\/logo\/image\/\"}}]}<\/script>\n<!-- \/ Yoast SEO plugin. -->","yoast_head_json":{"title":"Referenssit - Pulmek Oy","description":"Pulmek on tehnyt yhteisty\u00f6t\u00e4 niin raskaan teollisuuden kuin esim. l\u00e4\u00e4ke- ja muoviteollisuuden automaatiohankkeiden parissa.","robots":{"index":"index","follow":"follow","max-snippet":"max-snippet:-1","max-image-preview":"max-image-preview:large","max-video-preview":"max-video-preview:-1"},"canonical":"https:\/\/pulmek.fi\/fi\/referenssit","og_locale":"fi_FI","og_type":"article","og_title":"Referenssit - Pulmek Oy","og_description":"Pulmek on tehnyt yhteisty\u00f6t\u00e4 niin raskaan teollisuuden kuin esim. l\u00e4\u00e4ke- ja muoviteollisuuden automaatiohankkeiden parissa.","og_url":"https:\/\/pulmek.fi\/fi\/referenssit","og_site_name":"Pulmek Oy","article_modified_time":"2022-04-22T09:44:04+00:00","twitter_card":"summary_large_image","twitter_misc":{"Arvioitu lukuaika":"2 minuuttia"},"schema":{"@context":"https:\/\/schema.org","@graph":[{"@type":"WebPage","@id":"https:\/\/pulmek.fi\/fi\/referenssit","url":"https:\/\/pulmek.fi\/fi\/referenssit","name":"Referenssit - Pulmek Oy","isPartOf":{"@id":"https:\/\/pulmek.fi\/#website"},"datePublished":"2022-01-17T08:42:04+00:00","dateModified":"2022-04-22T09:44:04+00:00","description":"Pulmek on tehnyt yhteisty\u00f6t\u00e4 niin raskaan teollisuuden kuin esim. l\u00e4\u00e4ke- ja muoviteollisuuden automaatiohankkeiden parissa.","breadcrumb":{"@id":"https:\/\/pulmek.fi\/fi\/referenssit#breadcrumb"},"inLanguage":"fi","potentialAction":[{"@type":"ReadAction","target":["https:\/\/pulmek.fi\/fi\/referenssit"]}]},{"@type":"BreadcrumbList","@id":"https:\/\/pulmek.fi\/fi\/referenssit#breadcrumb","itemListElement":[{"@type":"ListItem","position":1,"name":"Home","item":"https:\/\/pulmek.fi\/fi"},{"@type":"ListItem","position":2,"name":"Referenssit"}]},{"@type":"WebSite","@id":"https:\/\/pulmek.fi\/#website","url":"https:\/\/pulmek.fi\/","name":"Pulmek Oy","description":"","publisher":{"@id":"https:\/\/pulmek.fi\/#organization"},"potentialAction":[{"@type":"SearchAction","target":{"@type":"EntryPoint","urlTemplate":"https:\/\/pulmek.fi\/?s={search_term_string}"},"query-input":{"@type":"PropertyValueSpecification","valueRequired":true,"valueName":"search_term_string"}}],"inLanguage":"fi"},{"@type":"Organization","@id":"https:\/\/pulmek.fi\/#organization","name":"Pulmek Oy","url":"https:\/\/pulmek.fi\/","logo":{"@type":"ImageObject","inLanguage":"fi","@id":"https:\/\/pulmek.fi\/#\/schema\/logo\/image\/","url":"https:\/\/pulmek.fi\/wp-content\/uploads\/2022\/03\/Pulmek-logo-nelio\u0308-black_400px.png","contentUrl":"https:\/\/pulmek.fi\/wp-content\/uploads\/2022\/03\/Pulmek-logo-nelio\u0308-black_400px.png","width":400,"height":346,"caption":"Pulmek Oy"},"image":{"@id":"https:\/\/pulmek.fi\/#\/schema\/logo\/image\/"}}]}},"_links":{"self":[{"href":"https:\/\/pulmek.fi\/fi\/wp-json\/wp\/v2\/pages\/1020"}],"collection":[{"href":"https:\/\/pulmek.fi\/fi\/wp-json\/wp\/v2\/pages"}],"about":[{"href":"https:\/\/pulmek.fi\/fi\/wp-json\/wp\/v2\/types\/page"}],"author":[{"embeddable":true,"href":"https:\/\/pulmek.fi\/fi\/wp-json\/wp\/v2\/users\/2"}],"replies":[{"embeddable":true,"href":"https:\/\/pulmek.fi\/fi\/wp-json\/wp\/v2\/comments?post=1020"}],"version-history":[{"count":5,"href":"https:\/\/pulmek.fi\/fi\/wp-json\/wp\/v2\/pages\/1020\/revisions"}],"predecessor-version":[{"id":1493,"href":"https:\/\/pulmek.fi\/fi\/wp-json\/wp\/v2\/pages\/1020\/revisions\/1493"}],"wp:attachment":[{"href":"https:\/\/pulmek.fi\/fi\/wp-json\/wp\/v2\/media?parent=1020"}],"curies":[{"name":"wp","href":"https:\/\/api.w.org\/{rel}","templated":true}]}}